{"id":1911,"date":"2023-03-09T05:10:29","date_gmt":"2023-03-09T05:10:29","guid":{"rendered":"https:\/\/vitaminsealtd-com.stackstaging.com\/?post_type=product&#038;p=1911"},"modified":"2025-08-05T15:58:11","modified_gmt":"2025-08-05T11:58:11","slug":"northern-islands-full-day-cruise","status":"publish","type":"product","link":"https:\/\/www.vitaminsealtd.com\/de\/produkt\/nordliche-inseln-ganztags-kreuzfahrt\/","title":{"rendered":"N\u00f6rdliche Inseln Ganztagskreuzfahrt"},"content":{"rendered":"<p>Machen Sie sich darauf gefasst, von der schieren Pracht der Inseln, zu denen wir Sie bringen, \u00fcberw\u00e4ltigt zu werden. Diese 16 km vom Festland entfernten Inseln sind mit einer nat\u00fcrlichen Sch\u00f6nheit gesegnet, die Ihnen den Atem rauben wird. Bei der Erkundung dieser malerischen Ziele werden Sie von der F\u00fclle der Tierwelt und der Vielfalt der Flora und Fauna begeistert sein. Egal, ob Sie auf der Suche nach Abenteuern sind, die Natur lieben oder einfach nur einen erholsamen Urlaub verbringen m\u00f6chten - diese Inseln haben f\u00fcr jeden etwas zu bieten.<\/p>\n<p>&nbsp;<\/p>\n<div class=\"flex-1 overflow-hidden\">\n<div class=\"react-scroll-to-bottom--css-jezuc-79elbk h-full dark:bg-gray-800\">\n<div class=\"react-scroll-to-bottom--css-jezuc-1n7m0yu\">\n<div class=\"flex flex-col items-center text-sm dark:bg-gray-800\">\n<div class=\"w-full border-b border-black\/10 dark:border-gray-900\/50 text-gray-800 dark:text-gray-100 group bg-gray-50 dark:bg-[#444654]\">\n<div class=\"text-base gap-4 md:gap-6 m-auto md:max-w-2xl lg:max-w-2xl xl:max-w-3xl p-4 md:py-6 flex lg:px-0\">\n<div class=\"relative flex w-[calc(100%-50px)] flex-col gap-1 md:gap-3 lg:w-[calc(100%-115px)]\">\n<div class=\"flex flex-grow flex-col gap-3\">\n<div class=\"min-h-[20px] flex flex-col items-start gap-4 whitespace-pre-wrap\">\n<div class=\"markdown prose w-full break-words dark:prose-invert light\">\n<p>Wir fahren von Grand Bay ab und erreichen Ilot Gabriel gegen 9:15 Uhr, noch vor den anderen Booten und Katamaranen. Die G\u00e4ste k\u00f6nnen die Insel und ihren unber\u00fchrten Strand etwa 45 Minuten bis eine Stunde lang f\u00fcr sich allein genie\u00dfen, bevor die Menschenmenge eintrifft. Danach fahren wir zur Ile Plate, wo wir den gr\u00f6\u00dften Teil des Tages verbringen. Bei der Ankunft werden den G\u00e4sten Snacks und Getr\u00e4nke serviert, darunter Taro-Kuchen und Mini-Quiches aux poulet et champignons.<\/p>\n<p>Danach steht es den G\u00e4sten frei, sich auf der Insel zu entspannen, einen Spaziergang an der Ost- oder Westseite zu unternehmen oder zu schnorcheln. Mittags servieren wir ein Barbecue-Mittagessen mit gegrilltem H\u00e4hnchen, W\u00fcrstchen, Fisch, gr\u00fcnem Salat, Rotini-Nudelsalat mit gekochten Eiern, K\u00e4se- und Knoblauchbrot und einer Mini-Bananentorte zum Nachtisch. Zu den angebotenen Getr\u00e4nken geh\u00f6ren tropische Cocktails, Bier, Wein, Softdrinks, Saft und Wasser.<\/p>\n<p>&nbsp;<\/p>\n<p>Nach dem Mittagessen haben die G\u00e4ste in der Regel noch zwei Stunden Zeit, sich auf der Insel zu entspannen. Wir verlassen die Ile Plate um ca. 14:15 Uhr und segeln zur\u00fcck nach Coin de Mire, wo wir am Nachmittag schnorcheln gehen. Nach 45 Minuten kommen die G\u00e4ste zur\u00fcck an Bord, wo wir Schokoladenkuchen und Getr\u00e4nke servieren. Gegen 15:15 Uhr fahren wir zur\u00fcck zum Grand Bay Beach House und setzen die G\u00e4ste ab, normalerweise zwischen 15:30 und 15:45 Uhr.<\/p>\n<\/div>\n<\/div>\n<\/div>\n<div class=\"flex justify-between\">\n<div class=\"text-gray-400 flex self-end lg:self-center justify-center mt-2 gap-3 md:gap-4 lg:gap-1 lg:absolute lg:top-0 lg:translate-x-full lg:right-0 lg:mt-0 lg:pl-2 visible\"><\/div>\n<\/div>\n<\/div>\n<\/div>\n<\/div>\n<\/div>\n<\/div>\n<\/div>\n<\/div>\n<p>Die Tour beginnt um 8:30 Uhr und endet zwischen 15:30 Uhr und 15:45 Uhr.<\/p>\n<p>Einschiffungsort ist das Beach House, Grand Bay.<\/p>\n<p>&nbsp;<\/p>\n<p><strong>Die maximale Kapazit\u00e4t pro Boot betr\u00e4gt 5 Personen.<\/strong> Sie k\u00f6nnen das Boot reservieren (der Preis bleibt f\u00fcr bis zu 4 Personen gleich) und zus\u00e4tzliche Personen f\u00fcr das Boot angeben.<\/p>","protected":false},"excerpt":{"rendered":"<p>Coin de Mire, Ile Plate &amp; Ilot Gabriel erwarten Sie... Zeit f\u00fcr eine Flucht in ein tropisches Paradies - In Zusammenarbeit mit Vitamin Sea\u2122<\/p>","protected":false},"featured_media":1921,"template":"","meta":[],"product_cat":[17,16],"product_tag":[],"acf":[],"_links":{"self":[{"href":"https:\/\/www.vitaminsealtd.com\/de\/wp-json\/wp\/v2\/product\/1911"}],"collection":[{"href":"https:\/\/www.vitaminsealtd.com\/de\/wp-json\/wp\/v2\/product"}],"about":[{"href":"https:\/\/www.vitaminsealtd.com\/de\/wp-json\/wp\/v2\/types\/product"}],"version-history":[{"count":1,"href":"https:\/\/www.vitaminsealtd.com\/de\/wp-json\/wp\/v2\/product\/1911\/revisions"}],"predecessor-version":[{"id":4594,"href":"https:\/\/www.vitaminsealtd.com\/de\/wp-json\/wp\/v2\/product\/1911\/revisions\/4594"}],"wp:featuredmedia":[{"embeddable":true,"href":"https:\/\/www.vitaminsealtd.com\/de\/wp-json\/wp\/v2\/media\/1921"}],"wp:attachment":[{"href":"https:\/\/www.vitaminsealtd.com\/de\/wp-json\/wp\/v2\/media?parent=1911"}],"wp:term":[{"taxonomy":"product_cat","embeddable":true,"href":"https:\/\/www.vitaminsealtd.com\/de\/wp-json\/wp\/v2\/product_cat?post=1911"},{"taxonomy":"product_tag","embeddable":true,"href":"https:\/\/www.vitaminsealtd.com\/de\/wp-json\/wp\/v2\/product_tag?post=1911"}],"curies":[{"name":"wp","href":"https:\/\/api.w.org\/{rel}","templated":true}]}}