{"id":2990,"date":"2023-04-15T11:04:01","date_gmt":"2023-04-15T11:04:01","guid":{"rendered":"https:\/\/vitaminsealtd-com.stackstaging.com\/?page_id=2990"},"modified":"2025-03-13T13:44:35","modified_gmt":"2025-03-13T09:44:35","slug":"terms-conditions","status":"publish","type":"page","link":"https:\/\/www.vitaminsealtd.com\/fr\/termes-conditions\/","title":{"rendered":"Conditions g\u00e9n\u00e9rales d'utilisation"},"content":{"rendered":"<div data-elementor-type=\"wp-page\" data-elementor-id=\"2990\" class=\"elementor elementor-2990\" data-elementor-post-type=\"page\">\n\t\t\t\t\t\t\t\t\t<section class=\"elementor-section elementor-top-section elementor-element elementor-element-7c94fc73 elementor-section-boxed elementor-section-height-default elementor-section-height-default\" data-id=\"7c94fc73\" data-element_type=\"section\">\n\t\t\t\t\t\t<div class=\"elementor-container elementor-column-gap-default\">\n\t\t\t\t\t<div class=\"elementor-column elementor-col-100 elementor-top-column elementor-element elementor-element-1043e741\" data-id=\"1043e741\" data-element_type=\"column\">\n\t\t\t<div class=\"elementor-widget-wrap elementor-element-populated\">\n\t\t\t\t\t\t\t\t<div class=\"elementor-element elementor-element-9cb6104 elementor-widget elementor-widget-heading\" data-id=\"9cb6104\" data-element_type=\"widget\" data-widget_type=\"heading.default\">\n\t\t\t\t<div class=\"elementor-widget-container\">\n\t\t\t<style>\/*! elementor - v3.17.0 - 08-11-2023 *\/\n.elementor-heading-title{padding:0;margin:0;line-height:1}.elementor-widget-heading .elementor-heading-title[class*=elementor-size-]>a{color:inherit;font-size:inherit;line-height:inherit}.elementor-widget-heading .elementor-heading-title.elementor-size-small{font-size:15px}.elementor-widget-heading .elementor-heading-title.elementor-size-medium{font-size:19px}.elementor-widget-heading .elementor-heading-title.elementor-size-large{font-size:29px}.elementor-widget-heading .elementor-heading-title.elementor-size-xl{font-size:39px}.elementor-widget-heading .elementor-heading-title.elementor-size-xxl{font-size:59px}<\/style><h1 class=\"elementor-heading-title elementor-size-default\">Conditions g\u00e9n\u00e9rales d'utilisation<\/h1>\t\t<\/div>\n\t\t\t\t<\/div>\n\t\t\t\t<div class=\"elementor-element elementor-element-2be1f5ec elementor-widget elementor-widget-text-editor\" data-id=\"2be1f5ec\" data-element_type=\"widget\" data-widget_type=\"text-editor.default\">\n\t\t\t\t<div class=\"elementor-widget-container\">\n\t\t\t<style>\/*! elementor - v3.17.0 - 08-11-2023 *\/\n.elementor-widget-text-editor.elementor-drop-cap-view-stacked .elementor-drop-cap{background-color:#69727d;color:#fff}.elementor-widget-text-editor.elementor-drop-cap-view-framed .elementor-drop-cap{color:#69727d;border:3px solid;background-color:transparent}.elementor-widget-text-editor:not(.elementor-drop-cap-view-default) .elementor-drop-cap{margin-top:8px}.elementor-widget-text-editor:not(.elementor-drop-cap-view-default) .elementor-drop-cap-letter{width:1em;height:1em}.elementor-widget-text-editor .elementor-drop-cap{float:left;text-align:center;line-height:1;font-size:50px}.elementor-widget-text-editor .elementor-drop-cap-letter{display:inline-block}<\/style>\t\t\t\t<div class=\"policy-section\">\n\nMerci de visiter le site web de Vitamin Sea Ltd et de consid\u00e9rer nos services. Dans le texte des conditions g\u00e9n\u00e9rales, le terme \"services\" fait r\u00e9f\u00e9rence aux produits, outils et fonctions propos\u00e9s par Vitamin Sea Ltd et ses filiales sur leur site web ou par d'autres moyens. Dans le contexte des excursions en bateau, les \"services\" font r\u00e9f\u00e9rence aux excursions en bateau et \u00e0 tous les services connexes offerts par Vitamin Sea Ltd et ses filiales ou fournisseurs externes par le biais de leur site web ou d'autres moyens. Ces services peuvent inclure, sans s'y limiter, la r\u00e9servation, le paiement et la fourniture d'excursions en bateau, ainsi que toute information ou assistance connexe fournie par l'entreprise.\n\n\"L'entreprise\" d\u00e9signe Vitamin Sea Ltd et ses filiales, y compris les entit\u00e9s affili\u00e9es, les employ\u00e9s, les dirigeants, les administrateurs et les agents impliqu\u00e9s dans la fourniture d'excursions en bateau et de services connexes.\n\nEn acc\u00e9dant \u00e0 notre site web et \u00e0 nos services et en les utilisant, vous acceptez les conditions g\u00e9n\u00e9rales suivantes :\n<h3>1. Acceptation des conditions<\/h3>\nEn acc\u00e9dant \u00e0 notre site web et \u00e0 nos services et en les utilisant, vous acceptez d'\u00eatre li\u00e9 par les pr\u00e9sentes conditions g\u00e9n\u00e9rales, ainsi que par toute autre politique ou ligne directrice que nous pourrions avoir affich\u00e9e sur notre site web.\n<h3>2. La propri\u00e9t\u00e9 intellectuelle<\/h3>\nTout le contenu de notre site Web, y compris, mais sans s'y limiter, les textes, les graphiques, les logos, les images et les logiciels, est la propri\u00e9t\u00e9 de Vitamin Sea Ltd ou de ses fournisseurs de contenu et est prot\u00e9g\u00e9 par les lois internationales sur les droits d'auteur.\n<h3>3. Utilisation du site web<\/h3>\nVous acceptez de n'utiliser notre site web et nos services qu'\u00e0 des fins l\u00e9gales et dans le respect de toutes les lois et r\u00e9glementations applicables. Vous acceptez \u00e9galement de ne pas utiliser notre site web ou nos services d'une mani\u00e8re susceptible d'endommager, de d\u00e9sactiver, de surcharger ou d'alt\u00e9rer nos serveurs ou d'interf\u00e9rer avec l'utilisation de notre site web ou de nos services par une autre partie.\n<h3>4. Contenu de l'utilisateur<\/h3>\nTout contenu que vous publiez ou t\u00e9l\u00e9chargez sur notre site Web ou nos services, y compris, mais sans s'y limiter, les commentaires, les critiques ou les t\u00e9moignages, sera consid\u00e9r\u00e9 comme non confidentiel et non exclusif. Vous accordez \u00e0 Vitamin Sea Ltd une licence non exclusive, perp\u00e9tuelle, irr\u00e9vocable, libre de redevance et mondiale pour utiliser, modifier, reproduire et distribuer tout contenu de ce type.\n<h3>5. Comportement de l'utilisateur<\/h3>\nVous acceptez de ne pas adopter un comportement perturbateur, nuisible ou offensant pour les autres utilisateurs de notre site web ou de nos services, y compris les employ\u00e9s. Cela inclut, sans s'y limiter, le harc\u00e8lement, le spamming ou la distribution de virus ou d'autres codes malveillants.\n<h3>6. Politique de protection de la vie priv\u00e9e<\/h3>\nNotre politique de confidentialit\u00e9 r\u00e9git la collecte, l'utilisation et la divulgation de vos informations personnelles. En utilisant notre site web et nos services, vous consentez \u00e0 ce que nous collections, utilisions et divulguions vos informations personnelles conform\u00e9ment \u00e0 notre politique de confidentialit\u00e9.\n<h3>7. R\u00e9siliation<\/h3>\nNous pouvons mettre fin \u00e0 votre acc\u00e8s \u00e0 notre site web ou \u00e0 nos services \u00e0 tout moment, avec ou sans motif, sans pr\u00e9avis ni responsabilit\u00e9.\n<h3>8. Clauses de non-responsabilit\u00e9<\/h3>\nNotre site web et nos services sont fournis \"en l'\u00e9tat\" et \"selon la disponibilit\u00e9\" sans aucune garantie ou repr\u00e9sentation de quelque nature que ce soit, expresse ou implicite. Vitamin Sea Ltd ne garantit pas que son site web ou ses services seront exempts d'erreurs, ininterrompus ou d\u00e9pourvus de virus ou d'autres composants nuisibles.\n<h3>9. Limitation de la responsabilit\u00e9<\/h3>\nVitamin Sea Ltd, y compris ses filiales, ses dirigeants, ses soci\u00e9t\u00e9s affili\u00e9es, ses successeurs, ses ayants droit, ses administrateurs, ses agents, ses prestataires de services, ses fournisseurs et ses employ\u00e9s, ne peuvent en aucun cas \u00eatre tenus responsables des blessures, pertes, dommages, accidents, retards ou irr\u00e9gularit\u00e9s pouvant survenir au cours de l'excursion en bateau, de l'utilisation du ponton d'embarquement ou de toute activit\u00e9 de natation. Tous les passagers sont tenus de porter un gilet de sauvetage si n\u00e9cessaire et de suivre les r\u00e8gles de s\u00e9curit\u00e9 et les directives fournies par l'\u00e9quipage. Tout dommage ou perte caus\u00e9 au bateau ou \u00e0 l'\u00e9quipement par les passagers sera de la responsabilit\u00e9 de l'individu ou du groupe qui a caus\u00e9 le dommage ou la perte. Vitamin Sea Ltd et ses filiales se r\u00e9servent le droit de refuser le service \u00e0 tout individu ou groupe qui ne respecte pas les r\u00e8gles et directives de s\u00e9curit\u00e9 ou dont la conduite est jug\u00e9e inappropri\u00e9e ou perturbatrice pour la jouissance de l'excursion par les autres. En r\u00e9servant une excursion en bateau ou en utilisant le ponton d'embarquement ou les activit\u00e9s de natation, vous acceptez d'assumer tous les risques et de d\u00e9gager Vitamin Sea Ltd, y compris ses filiales, ses dirigeants, ses affili\u00e9s, ses successeurs, ses ayants droit, ses directeurs, ses agents, ses prestataires de services, ses fournisseurs et ses employ\u00e9s, de toute responsabilit\u00e9 en cas de blessure, de perte ou de dommage qui pourrait survenir.\n<h3>10. Renonciation \u00e0 la responsabilit\u00e9<\/h3>\nEn r\u00e9servant une excursion ou une activit\u00e9 avec Vitamin Sea Ltd, le client accepte de signer notre formulaire de responsabilit\u00e9 lorsqu'il monte \u00e0 bord du bateau pour son excursion. En signant ce formulaire, le client reconna\u00eet et accepte tous les risques associ\u00e9s \u00e0 l'excursion et d\u00e9charge Vitamin Sea Ltd et toute soci\u00e9t\u00e9 affili\u00e9e ou apparent\u00e9e, y compris ses employ\u00e9s, dirigeants et agents, de toute r\u00e9clamation, de tout dommage, de toute perte ou de toute responsabilit\u00e9 d\u00e9coulant de l'excursion.\n<h3>11. Politique d'annulation et de remboursement<\/h3>\nEn r\u00e9servant aupr\u00e8s de Vitamin Sea Ltd, le client reconna\u00eet avoir lu et accept\u00e9 de se conformer \u00e0 la politique d'annulation et de remboursement.\n<h3>12. Frais de service<\/h3>\nNotre plateforme en ligne facture des frais de service 8%, payables sur le tarif de l'excursion, qui seront directement transmis \u00e0 la plateforme du fournisseur de services. En utilisant notre plateforme de r\u00e9servation en ligne, vous acceptez de payer ces frais de service en plus du tarif de l'excursion.\n<h3>13. Droit applicable<\/h3>\nLes pr\u00e9sentes conditions g\u00e9n\u00e9rales sont r\u00e9gies et interpr\u00e9t\u00e9es conform\u00e9ment aux lois du pays o\u00f9 se trouve notre si\u00e8ge social, sans tenir compte des principes de conflit de lois.\n<h3>14. Modifications des conditions g\u00e9n\u00e9rales<\/h3>\nNous nous r\u00e9servons le droit de modifier ces conditions \u00e0 tout moment, sans pr\u00e9avis. En continuant \u00e0 utiliser notre site web ou nos services apr\u00e8s de telles modifications, vous acceptez les conditions g\u00e9n\u00e9rales r\u00e9vis\u00e9es.\n\nSi vous avez des questions ou des pr\u00e9occupations concernant les pr\u00e9sentes conditions g\u00e9n\u00e9rales, veuillez nous contacter \u00e0 l'adresse suivante <a href=\"mailto:hello@vitaminsealtd.com\">hello@vitaminsealtd.com<\/a>\n\n<\/div>\t\t\t\t\t\t<\/div>\n\t\t\t\t<\/div>\n\t\t\t\t<div class=\"elementor-element elementor-element-37cc825 elementor-widget elementor-widget-spacer\" data-id=\"37cc825\" data-element_type=\"widget\" data-widget_type=\"spacer.default\">\n\t\t\t\t<div class=\"elementor-widget-container\">\n\t\t\t<style>\/*! elementor - v3.17.0 - 08-11-2023 *\/\n.elementor-column .elementor-spacer-inner{height:var(--spacer-size)}.e-con{--container-widget-width:100%}.e-con-inner>.elementor-widget-spacer,.e-con>.elementor-widget-spacer{width:var(--container-widget-width,var(--spacer-size));--align-self:var(--container-widget-align-self,initial);--flex-shrink:0}.e-con-inner>.elementor-widget-spacer>.elementor-widget-container,.e-con>.elementor-widget-spacer>.elementor-widget-container{height:100%;width:100%}.e-con-inner>.elementor-widget-spacer>.elementor-widget-container>.elementor-spacer,.e-con>.elementor-widget-spacer>.elementor-widget-container>.elementor-spacer{height:100%}.e-con-inner>.elementor-widget-spacer>.elementor-widget-container>.elementor-spacer>.elementor-spacer-inner,.e-con>.elementor-widget-spacer>.elementor-widget-container>.elementor-spacer>.elementor-spacer-inner{height:var(--container-widget-height,var(--spacer-size))}.e-con-inner>.elementor-widget-spacer.elementor-widget-empty,.e-con>.elementor-widget-spacer.elementor-widget-empty{position:relative;min-height:22px;min-width:22px}.e-con-inner>.elementor-widget-spacer.elementor-widget-empty .elementor-widget-empty-icon,.e-con>.elementor-widget-spacer.elementor-widget-empty .elementor-widget-empty-icon{position:absolute;top:0;bottom:0;left:0;right:0;margin:auto;padding:0;width:22px;height:22px}<\/style>\t\t<div class=\"elementor-spacer\">\n\t\t\t<div class=\"elementor-spacer-inner\"><\/div>\n\t\t<\/div>\n\t\t\t\t<\/div>\n\t\t\t\t<\/div>\n\t\t\t\t\t<\/div>\n\t\t<\/div>\n\t\t\t\t\t\t\t<\/div>\n\t\t<\/section>\n\t\t\t\t\t\t\t<\/div>","protected":false},"excerpt":{"rendered":"<p>Merci de visiter le site web de Vitamin Sea Ltd et de consid\u00e9rer nos services. Dans le texte des termes et conditions, \"Services\" fait r\u00e9f\u00e9rence aux produits, outils et fonctionnalit\u00e9s offerts par Vitamin Sea Ltd et ses filiales par le biais de leur site web ou d'autres moyens. Dans le contexte des excursions en bateau, les \"services\" se r\u00e9f\u00e8rent aux excursions en bateau et \u00e0 tout... <a class=\"more-link\" href=\"https:\/\/www.vitaminsealtd.com\/fr\/termes-conditions\/\">Poursuivre la lecture <span class=\"screen-reader-text\">Conditions g\u00e9n\u00e9rales d'utilisation<\/span><\/a><\/p>","protected":false},"author":1,"featured_media":0,"parent":0,"menu_order":0,"comment_status":"closed","ping_status":"closed","template":"elementor_header_footer","meta":{"footnotes":""},"acf":[],"_links":{"self":[{"href":"https:\/\/www.vitaminsealtd.com\/fr\/wp-json\/wp\/v2\/pages\/2990"}],"collection":[{"href":"https:\/\/www.vitaminsealtd.com\/fr\/wp-json\/wp\/v2\/pages"}],"about":[{"href":"https:\/\/www.vitaminsealtd.com\/fr\/wp-json\/wp\/v2\/types\/page"}],"author":[{"embeddable":true,"href":"https:\/\/www.vitaminsealtd.com\/fr\/wp-json\/wp\/v2\/users\/1"}],"replies":[{"embeddable":true,"href":"https:\/\/www.vitaminsealtd.com\/fr\/wp-json\/wp\/v2\/comments?post=2990"}],"version-history":[{"count":16,"href":"https:\/\/www.vitaminsealtd.com\/fr\/wp-json\/wp\/v2\/pages\/2990\/revisions"}],"predecessor-version":[{"id":4696,"href":"https:\/\/www.vitaminsealtd.com\/fr\/wp-json\/wp\/v2\/pages\/2990\/revisions\/4696"}],"wp:attachment":[{"href":"https:\/\/www.vitaminsealtd.com\/fr\/wp-json\/wp\/v2\/media?parent=2990"}],"curies":[{"name":"wp","href":"https:\/\/api.w.org\/{rel}","templated":true}]}}