{"id":3,"date":"2021-10-24T14:26:47","date_gmt":"2021-10-24T14:26:47","guid":{"rendered":"http:\/\/vitaminsea.test\/?page_id=3"},"modified":"2024-12-30T10:30:31","modified_gmt":"2024-12-30T06:30:31","slug":"privacy-policy","status":"publish","type":"page","link":"https:\/\/www.vitaminsealtd.com\/fr\/politique-de-confidentialite\/","title":{"rendered":"Politique de confidentialit\u00e9"},"content":{"rendered":"<p>Cette politique de confidentialit\u00e9 explique comment Vitamin Sea Ltd (\"nous\", \"notre\" ou \"nos\") recueille, utilise, divulgue et prot\u00e8ge les informations personnelles de nos utilisateurs (\"vous\" ou \"votre\") lorsque vous visitez et utilisez notre site web [...].<a href=\"https:\/\/www.vitaminsea.com\/\" target=\"_blank\" rel=\"noopener\">www.vitaminsea.com<\/a>(le \"site web\") et tous les services associ\u00e9s que nous proposons (collectivement, les \"services\").<\/p>\r\n\r\n\r\n\r\n<div class=\"wp-block-spacer\" style=\"height: 40px;\" aria-hidden=\"true\">\u00a0<\/div>\r\n\r\n\r\n\r\n<p><strong>Informations collect\u00e9es<\/strong><\/p>\r\n\r\n\r\n\r\n<div class=\"wp-block-spacer\" style=\"height: 21px;\" aria-hidden=\"true\">\u00a0<\/div>\r\n\r\n\r\n\r\n<p><strong>1.1 Informations personnelles :<\/strong><\/p>\r\n\r\n\r\n\r\n<p>Nous pouvons recueillir des informations personnelles que vous nous fournissez volontairement lorsque vous utilisez nos services, telles que votre nom, votre adresse \u00e9lectronique, votre num\u00e9ro de t\u00e9l\u00e9phone et toute autre information que vous choisissez de fournir.<\/p>\r\n\r\n\r\n\r\n<div class=\"wp-block-spacer\" style=\"height: 21px;\" aria-hidden=\"true\">\u00a0<\/div>\r\n\r\n\r\n\r\n<p><strong>1.2 Informations sur l'utilisation :<\/strong><\/p>\r\n\r\n\r\n\r\n<p>Nous pouvons collecter des informations sur vos interactions avec le site web et les services, y compris votre adresse IP, votre type de navigateur, votre syst\u00e8me d'exploitation, les URL de r\u00e9f\u00e9rence, les pages consult\u00e9es, les liens cliqu\u00e9s et d'autres informations similaires.<\/p>\r\n\r\n\r\n\r\n<div class=\"wp-block-spacer\" style=\"height: 21px;\" aria-hidden=\"true\">\u00a0<\/div>\r\n\r\n\r\n\r\n<p><strong>1.3 Cookies et technologies de suivi :<\/strong><\/p>\r\n\r\n\r\n\r\n<p>Nous pouvons utiliser des cookies, des balises web et d'autres technologies de suivi pour collecter des informations sur votre utilisation du site web et des services. Les cookies sont de petits fichiers stock\u00e9s sur votre appareil, qui nous permettent de reconna\u00eetre votre navigateur et de saisir certaines informations. Vous pouvez modifier les param\u00e8tres de votre navigateur pour refuser les cookies, mais cela peut limiter votre capacit\u00e9 \u00e0 utiliser certaines fonctionnalit\u00e9s du site web.<\/p>\r\n\r\n<p><script id=\"CookieDeclaration\" src=\"https:\/\/consent.cookiebot.com\/ce4a357d-d795-4384-8e39-198e489999a2\/cd.js\" type=\"text\/javascript\" async><\/script><\/p>\r\n<p>&nbsp;<\/p>\r\n\r\n<p><strong>2. Utilisation des informations<\/strong><\/p>\r\n\r\n\r\n\r\n<div class=\"wp-block-spacer\" style=\"height: 21px;\" aria-hidden=\"true\">\u00a0<\/div>\r\n\r\n\r\n\r\n<p><strong>2.1 Prestation de services :<\/strong><\/p>\r\n\r\n\r\n\r\n<p>Nous pouvons utiliser les informations collect\u00e9es pour fournir et maintenir les services, communiquer avec vous, r\u00e9pondre \u00e0 vos demandes et satisfaire vos demandes d'informations ou de services.<\/p>\r\n\r\n\r\n\r\n<div class=\"wp-block-spacer\" style=\"height: 21px;\" aria-hidden=\"true\">\u00a0<\/div>\r\n\r\n\r\n\r\n<p><strong>2.2 Analyses et am\u00e9liorations :<\/strong><\/p>\r\n\r\n\r\n\r\n<p>Nous pouvons utiliser ces informations pour analyser les tendances, administrer le site web, suivre les mouvements des utilisateurs et recueillir des informations d\u00e9mographiques. Cela nous aide \u00e0 am\u00e9liorer nos services, \u00e0 am\u00e9liorer l'exp\u00e9rience de l'utilisateur et \u00e0 d\u00e9velopper de nouvelles fonctionnalit\u00e9s.<\/p>\r\n\r\n\r\n\r\n<div class=\"wp-block-spacer\" style=\"height: 21px;\" aria-hidden=\"true\">\u00a0<\/div>\r\n\r\n\r\n\r\n<p><strong>2.3 Communications marketing :<\/strong><\/p>\r\n\r\n\r\n\r\n<p>Avec votre consentement, nous pouvons utiliser vos coordonn\u00e9es pour vous envoyer des communications promotionnelles et marketing relatives \u00e0 nos services. Vous avez le droit de refuser de recevoir ces communications \u00e0 tout moment.<\/p>\r\n\r\n\r\n\r\n<div class=\"wp-block-spacer\" style=\"height: 21px;\" aria-hidden=\"true\">\u00a0<\/div>\r\n\r\n\r\n\r\n<p><strong>2.4 Respect des obligations l\u00e9gales :<\/strong><\/p>\r\n\r\n\r\n\r\n<p>Nous pouvons utiliser les informations si n\u00e9cessaire pour nous conformer aux lois, r\u00e9glementations, proc\u00e9dures l\u00e9gales ou demandes gouvernementales applicables.<\/p>\r\n\r\n\r\n\r\n<div class=\"wp-block-spacer\" style=\"height: 40px;\" aria-hidden=\"true\">\u00a0<\/div>\r\n\r\n\r\n\r\n<p><strong>3. Partage d'informations<\/strong><\/p>\r\n\r\n\r\n\r\n<div class=\"wp-block-spacer\" style=\"height: 21px;\" aria-hidden=\"true\">\u00a0<\/div>\r\n\r\n\r\n\r\n<p><strong>3.1 Fournisseurs de services tiers :<\/strong><\/p>\r\n\r\n\r\n\r\n<p>Nous pouvons partager vos informations personnelles avec des prestataires de services tiers de confiance qui nous aident \u00e0 fournir et \u00e0 am\u00e9liorer nos services. Ces fournisseurs sont contractuellement tenus de prot\u00e9ger vos informations et il leur est interdit de les utiliser \u00e0 d'autres fins.<\/p>\r\n\r\n\r\n\r\n<div class=\"wp-block-spacer\" style=\"height: 21px;\" aria-hidden=\"true\">\u00a0<\/div>\r\n\r\n\r\n\r\n<p><strong>3.2 Exigences l\u00e9gales :<\/strong><\/p>\r\n\r\n\r\n\r\n<p>Nous pouvons divulguer vos informations personnelles si la loi l'exige ou en r\u00e9ponse \u00e0 une demande l\u00e9gale valable, telle qu'une ordonnance d'un tribunal ou une enqu\u00eate gouvernementale.<\/p>\r\n\r\n\r\n\r\n<div class=\"wp-block-spacer\" style=\"height: 21px;\" aria-hidden=\"true\">\u00a0<\/div>\r\n\r\n\r\n\r\n<p><strong>3.3 Transferts d'activit\u00e9s :<\/strong><\/p>\r\n\r\n\r\n\r\n<p>En cas de fusion, d'acquisition ou de vente de tout ou partie de nos actifs, nous pouvons transf\u00e9rer vos informations personnelles \u00e0 l'entit\u00e9 acqu\u00e9reuse ou au tiers impliqu\u00e9 dans la transaction, sous r\u00e9serve qu'ils acceptent de respecter la pr\u00e9sente politique de protection de la vie priv\u00e9e.<\/p>\r\n\r\n\r\n\r\n<div class=\"wp-block-spacer\" style=\"height: 40px;\" aria-hidden=\"true\">\u00a0<\/div>\r\n\r\n\r\n\r\n<p><strong>4. S\u00e9curit\u00e9 des donn\u00e9es<\/strong><\/p>\r\n\r\n\r\n\r\n<p>Nous mettons en \u0153uvre des mesures de s\u00e9curit\u00e9 raisonnables pour prot\u00e9ger vos informations personnelles contre l'acc\u00e8s, la divulgation, l'alt\u00e9ration ou la destruction non autoris\u00e9s. Toutefois, aucune m\u00e9thode de transmission sur l'internet ou de stockage \u00e9lectronique n'est totalement s\u00fbre, et nous ne pouvons pas garantir une s\u00e9curit\u00e9 absolue.<\/p>\r\n\r\n\r\n\r\n<div class=\"wp-block-spacer\" style=\"height: 40px;\" aria-hidden=\"true\">\u00a0<\/div>\r\n\r\n\r\n\r\n<p><strong>5. Vie priv\u00e9e des enfants<\/strong><\/p>\r\n\r\n\r\n\r\n<p>Nos services ne s'adressent pas aux personnes \u00e2g\u00e9es de moins de 18 ans. Nous ne collectons pas sciemment des informations personnelles aupr\u00e8s d'enfants. Si vous apprenez que votre enfant nous a fourni des informations personnelles sans votre consentement, veuillez nous contacter et nous prendrons les mesures n\u00e9cessaires pour supprimer ces informations de nos syst\u00e8mes.<\/p>\r\n\r\n\r\n\r\n<div class=\"wp-block-spacer\" style=\"height: 40px;\" aria-hidden=\"true\">\u00a0<\/div>\r\n\r\n\r\n\r\n<p><strong>6. Vos choix<\/strong><\/p>\r\n\r\n\r\n\r\n<div class=\"wp-block-spacer\" style=\"height: 21px;\" aria-hidden=\"true\">\u00a0<\/div>\r\n\r\n\r\n\r\n<p><strong>6.1 Acc\u00e8s et correction :<\/strong><\/p>\r\n\r\n\r\n\r\n<p>Vous pouvez demander l'acc\u00e8s ou la correction des informations personnelles que nous d\u00e9tenons \u00e0 votre sujet en nous contactant \u00e0 l'aide des informations fournies \u00e0 la fin de la pr\u00e9sente politique de protection de la vie priv\u00e9e.<\/p>\r\n\r\n\r\n\r\n<div class=\"wp-block-spacer\" style=\"height: 21px;\" aria-hidden=\"true\">\u00a0<\/div>\r\n\r\n\r\n\r\n<p><strong>6.2 Communications marketing :<\/strong><\/p>\r\n\r\n\r\n\r\n<p>Vous pouvez refuser de recevoir des communications marketing de notre part en suivant les instructions de d\u00e9sabonnement fournies dans la communication ou en nous contactant.<\/p>\r\n\r\n\r\n\r\n<div class=\"wp-block-spacer\" style=\"height: 40px;\" aria-hidden=\"true\">\u00a0<\/div>\r\n\r\n\r\n\r\n<p><strong>7. Modifications de la pr\u00e9sente politique de protection de la vie priv\u00e9e<\/strong><\/p>\r\n\r\n\r\n\r\n<p>Nous nous r\u00e9servons le droit de mettre \u00e0 jour la pr\u00e9sente politique de confidentialit\u00e9 \u00e0 tout moment. Nous vous informerons de toute modification importante en publiant la politique r\u00e9vis\u00e9e sur le site web ou par d'autres moyens avant que les modifications n'entrent en vigueur. Nous vous invitons \u00e0 consulter r\u00e9guli\u00e8rement la pr\u00e9sente politique de protection de la vie priv\u00e9e.<\/p>\r\n\r\n\r\n\r\n<div class=\"wp-block-spacer\" style=\"height: 40px;\" aria-hidden=\"true\">\u00a0<\/div>\r\n\r\n\r\n\r\n<p><strong>8. Nous contacter<\/strong><\/p>\r\n\r\n\r\n\r\n<p>Si vous avez des questions ou des pr\u00e9occupations concernant la pr\u00e9sente politique de confidentialit\u00e9 ou nos pratiques en mati\u00e8re de donn\u00e9es, veuillez nous contacter \u00e0 l'adresse suivante<\/p>\r\n\r\n\r\n\r\n<p>Vitamin Sea Ltd<\/p>\r\n\r\n\r\n\r\n<p>Les Salines, La Preneuse<\/p>\r\n\r\n\r\n\r\n<p>Rivi\u00e8re noire<\/p>\r\n\r\n\r\n\r\n<p>admin@vitaminsealtd.com<\/p>\r\n\r\n\r\n\r\n<p>En utilisant notre site web et nos services, vous reconnaissez avoir lu et compris la pr\u00e9sente politique de protection de la vie priv\u00e9e et consentez \u00e0 la collecte, \u00e0 l'utilisation et \u00e0 la divulgation de vos informations personnelles comme d\u00e9crit dans le pr\u00e9sent document.<\/p>","protected":false},"excerpt":{"rendered":"<p>This Privacy Policy explains how Vitamin Sea Ltd (&#8220;we,&#8221; &#8220;us,&#8221; or &#8220;our&#8221;) collects, uses, discloses, and protects the personal information of our users (&#8220;you&#8221; or &#8220;your&#8221;) when you visit and use our website [www.vitaminsea.com] (the &#8220;Website&#8221;) and any associated services offered by us (collectively, the &#8220;Services&#8221;). Information We Collect 1.1 Personal Information: We may collect&hellip; <a class=\"more-link\" href=\"https:\/\/www.vitaminsealtd.com\/fr\/politique-de-confidentialite\/\">Poursuivre la lecture <span class=\"screen-reader-text\">Politique de confidentialit\u00e9<\/span><\/a><\/p>","protected":false},"author":1,"featured_media":0,"parent":0,"menu_order":0,"comment_status":"closed","ping_status":"open","template":"","meta":{"footnotes":""},"acf":[],"_links":{"self":[{"href":"https:\/\/www.vitaminsealtd.com\/fr\/wp-json\/wp\/v2\/pages\/3"}],"collection":[{"href":"https:\/\/www.vitaminsealtd.com\/fr\/wp-json\/wp\/v2\/pages"}],"about":[{"href":"https:\/\/www.vitaminsealtd.com\/fr\/wp-json\/wp\/v2\/types\/page"}],"author":[{"embeddable":true,"href":"https:\/\/www.vitaminsealtd.com\/fr\/wp-json\/wp\/v2\/users\/1"}],"replies":[{"embeddable":true,"href":"https:\/\/www.vitaminsealtd.com\/fr\/wp-json\/wp\/v2\/comments?post=3"}],"version-history":[{"count":7,"href":"https:\/\/www.vitaminsealtd.com\/fr\/wp-json\/wp\/v2\/pages\/3\/revisions"}],"predecessor-version":[{"id":4690,"href":"https:\/\/www.vitaminsealtd.com\/fr\/wp-json\/wp\/v2\/pages\/3\/revisions\/4690"}],"wp:attachment":[{"href":"https:\/\/www.vitaminsealtd.com\/fr\/wp-json\/wp\/v2\/media?parent=3"}],"curies":[{"name":"wp","href":"https:\/\/api.w.org\/{rel}","templated":true}]}}