{"id":2319,"date":"2023-03-13T04:16:05","date_gmt":"2023-03-13T04:16:05","guid":{"rendered":"https:\/\/vitaminsealtd-com.stackstaging.com\/?post_type=product&#038;p=2319"},"modified":"2026-04-15T16:59:48","modified_gmt":"2026-04-15T12:59:48","slug":"dolphin-swim-and-whale-watching-expedition","status":"publish","type":"product","link":"https:\/\/www.vitaminsealtd.com\/fr\/produit\/excursion-combinee-dauphins-et-baleines\/","title":{"rendered":"Excursion Combin\u00e9e Dauphins Et Baleines"},"content":{"rendered":"<p>Le meilleur des deux mondes en une seule excursion exceptionnelle...<\/p>\n<p>Pour une interaction paisible et respectueuse avec les dauphins, il est recommand\u00e9 de commencer t\u00f4t, \u00e0 6h15 pendant la saison hivernale et \u00e0 5h30 pendant la saison estivale. L'excursion consiste g\u00e9n\u00e9ralement \u00e0 observer les grands dauphins ou les dauphins \u00e0 long bec et \u00e0 nager avec eux pendant environ 60 \u00e0 90 minutes. Ensuite, l'excursion se poursuit \u00e0 la recherche des baleines.<\/p>\n<p>&nbsp;<\/p>\n<p>\u00c0 l'\u00eele Maurice, on trouve g\u00e9n\u00e9ralement deux esp\u00e8ces de baleines diff\u00e9rentes : les cachalots, qui r\u00e9sident toute l'ann\u00e9e et vivent loin en mer. Et les baleines \u00e0 bosse, qui ne migrent vers nos c\u00f4tes que de mai \u00e0 septembre pour se nourrir et prot\u00e9ger les nouveau-n\u00e9s ou les baleineaux. Nous observerons les baleines \u00e0 bosse ou les cachalots dans leur milieu naturel selon la saison et notre chance du jour.<br \/>\nL'excursion dure environ 4 heures, en fonction de l'endroit o\u00f9 elles se trouvent. La patience est de mise avec les baleines.<\/p>\n<p>Veuillez noter qu'il est possible que nous ne voyions pas les baleines, mais que nous utilisions un hydrophone pour les localiser. Nous offrons une r\u00e9duction de 10% sur le tarif global si vous ne voyez pas les baleines.<\/p>\n<p>Nous ne recommandons pas l'embarquement de jeunes enfants pour cette excursion sp\u00e9cifique.<\/p>\n<p>&nbsp;<\/p>\n<p>Il est important de s'approcher de la faune marine avec prudence et de respecter les r\u00e9glementations et les directives en vigueur dans la zone o\u00f9 vous les observez. N'oubliez pas que les dauphins et les baleines sont des animaux sauvages et qu'il convient de les respecter dans leur habitat naturel. En outre, il est important de minimiser notre impact sur l'environnement et d'adopter un comportement durable et respectueux de l'environnement tout en profitant de ces cr\u00e9atures \u00e9tonnantes.<\/p>\n<p>Du pain aux bananes fait maison et des boissons non alcoolis\u00e9es seront fournis pendant la visite.<\/p>\n<p>&nbsp;<\/p>\n<p>Ajoutez vos photos et vid\u00e9os sous-marines personnelles avec les dauphins, prises par nos guides photographes \u00e0 l'aide des derni\u00e8res cam\u00e9ras GoPro. Veuillez noter que le r\u00e9sultat final des photos et des vid\u00e9os d\u00e9pendra de l'interaction avec le dauphin, de vos comp\u00e9tences en natation et de l'\u00e9tat g\u00e9n\u00e9ral de la mer. Une fois examin\u00e9s et approuv\u00e9s, tous les fichiers vous seront remis sur une carte SD \u00e0 la fin du voyage ou envoy\u00e9s par WeTransfer.<\/p>\n<p>&nbsp;<\/p>\n<p><b>Il est interdit de nager avec les baleines \u00e0 l'\u00eele Maurice, conform\u00e9ment aux Tourism Authority (Dolphin and Whale Watching) Regulations 2012.<\/b>. Cette excursion n'est qu'une exp\u00e9rience d'observation, conform\u00e9ment \u00e0 la loi mauricienne.<\/p>\n<p><strong>La capacit\u00e9 maximale par bateau est de 8 personnes.<\/strong> Vous pouvez r\u00e9server le bateau (le prix reste le m\u00eame pour un maximum de 4 personnes) et sp\u00e9cifier les personnes suppl\u00e9mentaires pour chaque bateau.<\/p>","protected":false},"excerpt":{"rendered":"<p>Observez ces magnifiques cr\u00e9atures de l'oc\u00e9an dans leur habitat naturel.<\/p>","protected":false},"featured_media":2956,"template":"","meta":[],"product_cat":[17,16,35],"product_tag":[],"acf":[],"_links":{"self":[{"href":"https:\/\/www.vitaminsealtd.com\/fr\/wp-json\/wp\/v2\/product\/2319"}],"collection":[{"href":"https:\/\/www.vitaminsealtd.com\/fr\/wp-json\/wp\/v2\/product"}],"about":[{"href":"https:\/\/www.vitaminsealtd.com\/fr\/wp-json\/wp\/v2\/types\/product"}],"version-history":[{"count":1,"href":"https:\/\/www.vitaminsealtd.com\/fr\/wp-json\/wp\/v2\/product\/2319\/revisions"}],"predecessor-version":[{"id":4593,"href":"https:\/\/www.vitaminsealtd.com\/fr\/wp-json\/wp\/v2\/product\/2319\/revisions\/4593"}],"wp:featuredmedia":[{"embeddable":true,"href":"https:\/\/www.vitaminsealtd.com\/fr\/wp-json\/wp\/v2\/media\/2956"}],"wp:attachment":[{"href":"https:\/\/www.vitaminsealtd.com\/fr\/wp-json\/wp\/v2\/media?parent=2319"}],"wp:term":[{"taxonomy":"product_cat","embeddable":true,"href":"https:\/\/www.vitaminsealtd.com\/fr\/wp-json\/wp\/v2\/product_cat?post=2319"},{"taxonomy":"product_tag","embeddable":true,"href":"https:\/\/www.vitaminsealtd.com\/fr\/wp-json\/wp\/v2\/product_tag?post=2319"}],"curies":[{"name":"wp","href":"https:\/\/api.w.org\/{rel}","templated":true}]}}